{"id":173,"date":"2025-11-21T15:40:58","date_gmt":"2025-11-21T15:40:58","guid":{"rendered":"https:\/\/henri4-rive-gauche.ms3.decms.eu\/mentions-legales\/"},"modified":"2026-02-12T15:11:29","modified_gmt":"2026-02-12T15:11:29","slug":"legal-notice","status":"publish","type":"page","link":"https:\/\/www.henri-paris-hotel.com\/en\/legal-notice\/","title":{"rendered":"Legal notice"},"content":{"rendered":"<p><strong>1\/ Editeur du site<\/strong><br \/>\nSoci\u00e9t\u00e9 : SAS HOTEL HENRI IV<br \/>\nCapital social : 2600\u20ac<br \/>\nSi\u00e8ge social : 9-11 rue Saint Jacques 75005 Paris<\/p>\n<p>TVA Intracommunautaire: FR58 915 091 581<\/p>\n<p>T\u00e9l\u00e9phone : +33 1 46 33 20 20<br \/>\nSIREN : 915 091 581<br \/>\nDirecteur de publication : Isabelle PETISNE<br \/>\nResponsable l\u00e9gal : Isabelle PETISNE<\/p>\n<p><strong>2\/ R\u00e9alisation du site &amp; H\u00e9bergement<\/strong><br \/>\nSoci\u00e9t\u00e9 : D-EDGE<br \/>\nSite : https:\/\/www.d-edge.com\/<br \/>\nAdresse postale : 64-66 Rue des Archives, 75003 Paris<br \/>\nT\u00e9l\u00e9phone : +33 1 44 71 05 05<br \/>\nSIREN : 431 513 852<br \/>\nResponsable de la r\u00e9daction : Soci\u00e9t\u00e9 AEQUERO<\/p>\n<p><strong>3\/ Droits d\u2019auteur \u2013 Copyright<\/strong><br \/>\nL\u2019ensemble de ce site rel\u00e8ve de la l\u00e9gislation fran\u00e7aise et internationale sur le droit d\u2019auteur et la propri\u00e9t\u00e9 intellectuelle.<br \/>\nLes photographies, textes, slogans, dessins, images, s\u00e9quences anim\u00e9es sonores ou non ainsi que toutes \u0153uvres int\u00e9gr\u00e9es dans le site sont la propri\u00e9t\u00e9 de la soci\u00e9t\u00e9 SAS HOTEL HENRI IV ou de tiers ayant autoris\u00e9 SAS HOTEL HENRI IV \u00e0 les utiliser.<br \/>\nLes logos, ic\u00f4nes et puces graphiques repr\u00e9sent\u00e9s sur le site sont prot\u00e9g\u00e9s au titre des droits d\u2019auteur et des articles L.511.1 et suivants du Code de la propri\u00e9t\u00e9 intellectuelle relatifs \u00e0 la protection des mod\u00e8les d\u00e9pos\u00e9s.<br \/>\nTous les droits de reproduction sont r\u00e9serv\u00e9s et strictement limit\u00e9s, y compris pour les documents t\u00e9l\u00e9chargeables et les repr\u00e9sentations iconographiques et photographiques.<br \/>\nLes marques cit\u00e9es sur ce site sont d\u00e9pos\u00e9es par les soci\u00e9t\u00e9s qui en sont propri\u00e9taires.<br \/>\nToute utilisation non autoris\u00e9e de tout ou partie de ces droits par des tiers est susceptible de donner lieu \u00e0 des poursuites judiciaires.<\/p>\n<p>Cr\u00e9dit Photo : Guigsart Photo<\/p>\n<p><strong>4\/ M\u00e9diateur \u00e0 la Consommation<\/strong><\/p>\n<p>Conform\u00e9ment \u00e0 l\u2019 Article L612-1 du Code de la consommation, les consommateurs peuvent recourir gratuitement \u00e0 un m\u00e9diateur de la consommation. L\u2019H\u00f4tel HENRI IV RIVE GAUCHE rel\u00e8ve du M\u00e9diateur \u00e0 la consommation suivant : MTV &#8211; www.mtv.travel<\/p>\n<p>Le consommateur peut \u00e9galement recourir \u00e0 la plateforme europ\u00e9enne de r\u00e8glement en ligne des litiges<\/p>\n<p><strong>5\/ Droit de r\u00e9tractation<\/strong><\/p>\n<p>Selon l\u2019article L.221-28 du code de la consommation:<\/p>\n<p>\u00ab Le droit de r\u00e9tractation ne peut \u00eatre exerc\u00e9 pour les contrats: [\u2026] 12\u00b0 De prestations de services d\u2019h\u00e9bergement, autres que d\u2019h\u00e9bergement r\u00e9sidentiel, [\u2026] qui doivent \u00eatre fournis \u00e0 une date ou \u00e0 une p\u00e9riode d\u00e9termin\u00e9e; [\u2026] \u00bb<\/p>\n","protected":false},"excerpt":{"rendered":"<p>1\/ Editeur du site Soci\u00e9t\u00e9 : SAS HOTEL HENRI IV Capital social : 2600\u20ac Si\u00e8ge social : 9-11 rue Saint Jacques 75005 Paris TVA Intracommunautaire: FR58 915 091 581 T\u00e9l\u00e9phone : +33 1 46 33 20 20 SIREN : 915 091 581 Directeur de publication : Isabelle PETISNE Responsable l\u00e9gal : Isabelle PETISNE 2\/ R\u00e9alisation [&hellip;]<\/p>\n","protected":false},"author":15,"featured_media":0,"parent":0,"menu_order":9,"comment_status":"closed","ping_status":"closed","template":"","meta":{"footnotes":""},"class_list":["post-173","page","type-page","status-publish","hentry"],"yoast_head":"<!-- This site is optimized with the Yoast SEO plugin v26.9 - https:\/\/yoast.com\/product\/yoast-seo-wordpress\/ -->\n<title>Legal Notice | Hotel Henri IV Rive Gauche<\/title>\n<meta name=\"description\" content=\"View the legal notices and official information for H\u00f4tel Henri IV Rive Gauche, a superior 3-star boutique hotel in Paris.\" \/>\n<meta name=\"robots\" content=\"index, follow, max-snippet:-1, max-image-preview:large, max-video-preview:-1\" \/>\n<link rel=\"canonical\" href=\"https:\/\/www.henri-paris-hotel.com\/en\/legal-notice\/\" \/>\n<meta property=\"og:locale\" content=\"en_US\" \/>\n<meta property=\"og:type\" content=\"article\" \/>\n<meta property=\"og:title\" content=\"Legal Notice | Hotel Henri IV Rive Gauche\" \/>\n<meta property=\"og:description\" content=\"View the legal notices and official information for H\u00f4tel Henri IV Rive Gauche, a superior 3-star boutique hotel in Paris.\" \/>\n<meta property=\"og:url\" content=\"https:\/\/www.henri-paris-hotel.com\/en\/legal-notice\/\" \/>\n<meta property=\"og:site_name\" content=\"Henri 4 Rive Gauche\" \/>\n<meta property=\"article:modified_time\" content=\"2026-02-12T15:11:29+00:00\" \/>\n<meta name=\"twitter:card\" content=\"summary_large_image\" \/>\n<meta name=\"twitter:label1\" content=\"Est. reading time\" \/>\n\t<meta name=\"twitter:data1\" content=\"2 minutes\" \/>\n<script type=\"application\/ld+json\" class=\"yoast-schema-graph\">{\"@context\":\"https:\/\/schema.org\",\"@graph\":[{\"@type\":\"WebPage\",\"@id\":\"https:\/\/www.henri-paris-hotel.com\/en\/legal-notice\/\",\"url\":\"https:\/\/www.henri-paris-hotel.com\/en\/legal-notice\/\",\"name\":\"Legal Notice | Hotel Henri IV Rive Gauche\",\"isPartOf\":{\"@id\":\"https:\/\/www.henri-paris-hotel.com\/en\/#website\"},\"datePublished\":\"2025-11-21T15:40:58+00:00\",\"dateModified\":\"2026-02-12T15:11:29+00:00\",\"description\":\"View the legal notices and official information for H\u00f4tel Henri IV Rive Gauche, a superior 3-star boutique hotel in Paris.\",\"breadcrumb\":{\"@id\":\"https:\/\/www.henri-paris-hotel.com\/en\/legal-notice\/#breadcrumb\"},\"inLanguage\":\"en-US\",\"potentialAction\":[{\"@type\":\"ReadAction\",\"target\":[\"https:\/\/www.henri-paris-hotel.com\/en\/legal-notice\/\"]}]},{\"@type\":\"BreadcrumbList\",\"@id\":\"https:\/\/www.henri-paris-hotel.com\/en\/legal-notice\/#breadcrumb\",\"itemListElement\":[{\"@type\":\"ListItem\",\"position\":1,\"name\":\"Home\",\"item\":\"https:\/\/www.henri-paris-hotel.com\/en\/\"},{\"@type\":\"ListItem\",\"position\":2,\"name\":\"Legal notice\"}]},{\"@type\":\"WebSite\",\"@id\":\"https:\/\/www.henri-paris-hotel.com\/en\/#website\",\"url\":\"https:\/\/www.henri-paris-hotel.com\/en\/\",\"name\":\"Henri 4 Rive Gauche\",\"description\":\"\",\"publisher\":{\"@id\":\"https:\/\/www.henri-paris-hotel.com\/en\/#organization\"},\"potentialAction\":[{\"@type\":\"SearchAction\",\"target\":{\"@type\":\"EntryPoint\",\"urlTemplate\":\"https:\/\/www.henri-paris-hotel.com\/en\/?s={search_term_string}\"},\"query-input\":{\"@type\":\"PropertyValueSpecification\",\"valueRequired\":true,\"valueName\":\"search_term_string\"}}],\"inLanguage\":\"en-US\"},{\"@type\":\"Organization\",\"@id\":\"https:\/\/www.henri-paris-hotel.com\/en\/#organization\",\"name\":\"Henri 4 Rive Gauche\",\"url\":\"https:\/\/www.henri-paris-hotel.com\/en\/\",\"logo\":{\"@type\":\"ImageObject\",\"inLanguage\":\"en-US\",\"@id\":\"https:\/\/www.henri-paris-hotel.com\/en\/#\/schema\/logo\/image\/\",\"url\":\"https:\/\/henri4-rive-gauche.ms3.decms.eu\/wp-content\/uploads\/sites\/29\/2025\/11\/Capture-decran-2025-08-25-104524-1.png\",\"contentUrl\":\"https:\/\/henri4-rive-gauche.ms3.decms.eu\/wp-content\/uploads\/sites\/29\/2025\/11\/Capture-decran-2025-08-25-104524-1.png\",\"width\":454,\"height\":690,\"caption\":\"Henri 4 Rive Gauche\"},\"image\":{\"@id\":\"https:\/\/www.henri-paris-hotel.com\/en\/#\/schema\/logo\/image\/\"}}]}<\/script>\n<!-- \/ Yoast SEO plugin. -->","yoast_head_json":{"title":"Legal Notice | Hotel Henri IV Rive Gauche","description":"View the legal notices and official information for H\u00f4tel Henri IV Rive Gauche, a superior 3-star boutique hotel in Paris.","robots":{"index":"index","follow":"follow","max-snippet":"max-snippet:-1","max-image-preview":"max-image-preview:large","max-video-preview":"max-video-preview:-1"},"canonical":"https:\/\/www.henri-paris-hotel.com\/en\/legal-notice\/","og_locale":"en_US","og_type":"article","og_title":"Legal Notice | Hotel Henri IV Rive Gauche","og_description":"View the legal notices and official information for H\u00f4tel Henri IV Rive Gauche, a superior 3-star boutique hotel in Paris.","og_url":"https:\/\/www.henri-paris-hotel.com\/en\/legal-notice\/","og_site_name":"Henri 4 Rive Gauche","article_modified_time":"2026-02-12T15:11:29+00:00","twitter_card":"summary_large_image","twitter_misc":{"Est. reading time":"2 minutes"},"schema":{"@context":"https:\/\/schema.org","@graph":[{"@type":"WebPage","@id":"https:\/\/www.henri-paris-hotel.com\/en\/legal-notice\/","url":"https:\/\/www.henri-paris-hotel.com\/en\/legal-notice\/","name":"Legal Notice | Hotel Henri IV Rive Gauche","isPartOf":{"@id":"https:\/\/www.henri-paris-hotel.com\/en\/#website"},"datePublished":"2025-11-21T15:40:58+00:00","dateModified":"2026-02-12T15:11:29+00:00","description":"View the legal notices and official information for H\u00f4tel Henri IV Rive Gauche, a superior 3-star boutique hotel in Paris.","breadcrumb":{"@id":"https:\/\/www.henri-paris-hotel.com\/en\/legal-notice\/#breadcrumb"},"inLanguage":"en-US","potentialAction":[{"@type":"ReadAction","target":["https:\/\/www.henri-paris-hotel.com\/en\/legal-notice\/"]}]},{"@type":"BreadcrumbList","@id":"https:\/\/www.henri-paris-hotel.com\/en\/legal-notice\/#breadcrumb","itemListElement":[{"@type":"ListItem","position":1,"name":"Home","item":"https:\/\/www.henri-paris-hotel.com\/en\/"},{"@type":"ListItem","position":2,"name":"Legal notice"}]},{"@type":"WebSite","@id":"https:\/\/www.henri-paris-hotel.com\/en\/#website","url":"https:\/\/www.henri-paris-hotel.com\/en\/","name":"Henri 4 Rive Gauche","description":"","publisher":{"@id":"https:\/\/www.henri-paris-hotel.com\/en\/#organization"},"potentialAction":[{"@type":"SearchAction","target":{"@type":"EntryPoint","urlTemplate":"https:\/\/www.henri-paris-hotel.com\/en\/?s={search_term_string}"},"query-input":{"@type":"PropertyValueSpecification","valueRequired":true,"valueName":"search_term_string"}}],"inLanguage":"en-US"},{"@type":"Organization","@id":"https:\/\/www.henri-paris-hotel.com\/en\/#organization","name":"Henri 4 Rive Gauche","url":"https:\/\/www.henri-paris-hotel.com\/en\/","logo":{"@type":"ImageObject","inLanguage":"en-US","@id":"https:\/\/www.henri-paris-hotel.com\/en\/#\/schema\/logo\/image\/","url":"https:\/\/henri4-rive-gauche.ms3.decms.eu\/wp-content\/uploads\/sites\/29\/2025\/11\/Capture-decran-2025-08-25-104524-1.png","contentUrl":"https:\/\/henri4-rive-gauche.ms3.decms.eu\/wp-content\/uploads\/sites\/29\/2025\/11\/Capture-decran-2025-08-25-104524-1.png","width":454,"height":690,"caption":"Henri 4 Rive Gauche"},"image":{"@id":"https:\/\/www.henri-paris-hotel.com\/en\/#\/schema\/logo\/image\/"}}]}},"acf":[],"_links":{"self":[{"href":"https:\/\/www.henri-paris-hotel.com\/en\/wp-json\/wp\/v2\/pages\/173","targetHints":{"allow":["GET"]}}],"collection":[{"href":"https:\/\/www.henri-paris-hotel.com\/en\/wp-json\/wp\/v2\/pages"}],"about":[{"href":"https:\/\/www.henri-paris-hotel.com\/en\/wp-json\/wp\/v2\/types\/page"}],"author":[{"embeddable":true,"href":"https:\/\/www.henri-paris-hotel.com\/en\/wp-json\/wp\/v2\/users\/15"}],"replies":[{"embeddable":true,"href":"https:\/\/www.henri-paris-hotel.com\/en\/wp-json\/wp\/v2\/comments?post=173"}],"version-history":[{"count":0,"href":"https:\/\/www.henri-paris-hotel.com\/en\/wp-json\/wp\/v2\/pages\/173\/revisions"}],"wp:attachment":[{"href":"https:\/\/www.henri-paris-hotel.com\/en\/wp-json\/wp\/v2\/media?parent=173"}],"curies":[{"name":"wp","href":"https:\/\/api.w.org\/{rel}","templated":true}]}}